{"id":487,"date":"2018-05-22T04:11:20","date_gmt":"2018-05-22T04:11:20","guid":{"rendered":"http:\/\/24h-race-friends.de\/?page_id=487"},"modified":"2018-05-22T19:17:18","modified_gmt":"2018-05-22T19:17:18","slug":"startseite","status":"publish","type":"page","link":"https:\/\/24h-race-friends.de\/","title":{"rendered":"Startseite"},"content":{"rendered":"<p style=\"text-align: center;\"><span style=\"font-size: 18pt;\"><strong><span style=\"font-family: georgia, palatino, serif; color: #ff0000;\">Herzlich Willkommen<br \/>\nbei den 24h Race Friends,<\/span><\/strong><\/span><\/p>\n<p style=\"text-align: center;\"><strong><span style=\"font-family: georgia, palatino, serif; color: #ff0000;\">die Hardcore Camper des N\u00fcrburgrings&#8230;<\/span><\/strong><\/p>\n<p>&nbsp;<\/p>\n<p style=\"text-align: center;\">Wir sind eine unkomplizierte Gruppe von Renn- und Campingfreunden<br \/>\ndie Spa\u00df daran haben mehrere Tage ohne viel Schlaf auszukommen.<\/p>\n<p>&nbsp;<\/p>\n<p style=\"text-align: center;\">Mai 2017<\/p>\n<p style=\"text-align: center;\"><a href=\"http:\/\/24h-race-friends.de\/wp-content\/uploads\/2018\/05\/IMG-20170528-WA0080.jpg\"><img loading=\"lazy\" class=\"alignnone wp-image-253\" src=\"http:\/\/24h-race-friends.de\/wp-content\/uploads\/2018\/05\/IMG-20170528-WA0080-300x169.jpg\" alt=\"\" width=\"400\" height=\"225\" srcset=\"https:\/\/24h-race-friends.de\/wp-content\/uploads\/2018\/05\/IMG-20170528-WA0080-300x169.jpg 300w, https:\/\/24h-race-friends.de\/wp-content\/uploads\/2018\/05\/IMG-20170528-WA0080-768x432.jpg 768w, https:\/\/24h-race-friends.de\/wp-content\/uploads\/2018\/05\/IMG-20170528-WA0080-1024x576.jpg 1024w, https:\/\/24h-race-friends.de\/wp-content\/uploads\/2018\/05\/IMG-20170528-WA0080.jpg 1137w\" sizes=\"(max-width: 400px) 100vw, 400px\" \/><\/a><\/p>\n<p>&nbsp;<\/p>\n<p>&nbsp;<\/p>\n<p style=\"text-align: center;\">Mittlerweile w\u00e4chst unsere Partygruppe Jahr f\u00fcr Jahr an&#8230;<\/p>\n<p style=\"text-align: center;\">Mai 2018<\/p>\n<p style=\"text-align: center;\"><a href=\"http:\/\/24h-race-friends.de\/wp-content\/uploads\/2018\/05\/IMG-20180515-WA0038.jpg\"><img loading=\"lazy\" class=\"alignnone wp-image-385\" src=\"http:\/\/24h-race-friends.de\/wp-content\/uploads\/2018\/05\/IMG-20180515-WA0038-300x169.jpg\" alt=\"\" width=\"400\" height=\"225\" srcset=\"https:\/\/24h-race-friends.de\/wp-content\/uploads\/2018\/05\/IMG-20180515-WA0038-300x169.jpg 300w, https:\/\/24h-race-friends.de\/wp-content\/uploads\/2018\/05\/IMG-20180515-WA0038-768x432.jpg 768w, https:\/\/24h-race-friends.de\/wp-content\/uploads\/2018\/05\/IMG-20180515-WA0038-1024x576.jpg 1024w, https:\/\/24h-race-friends.de\/wp-content\/uploads\/2018\/05\/IMG-20180515-WA0038.jpg 1280w\" sizes=\"(max-width: 400px) 100vw, 400px\" \/><\/a><\/p>\n","protected":false},"excerpt":{"rendered":"<p>Herzlich Willkommen bei den 24h Race Friends, die Hardcore Camper des N\u00fcrburgrings&#8230; &nbsp; Wir sind eine unkomplizierte Gruppe von Renn- und Campingfreunden die Spa\u00df daran haben mehrere Tage ohne viel Schlaf auszukommen. &nbsp; Mai 2017 &nbsp; &nbsp; Mittlerweile w\u00e4chst unsere Partygruppe Jahr f\u00fcr Jahr an&#8230; Mai 2018<\/p>\n","protected":false},"author":5,"featured_media":0,"parent":0,"menu_order":0,"comment_status":"closed","ping_status":"closed","template":"","meta":{"_links_to":"","_links_to_target":""},"_links":{"self":[{"href":"https:\/\/24h-race-friends.de\/index.php?rest_route=\/wp\/v2\/pages\/487"}],"collection":[{"href":"https:\/\/24h-race-friends.de\/index.php?rest_route=\/wp\/v2\/pages"}],"about":[{"href":"https:\/\/24h-race-friends.de\/index.php?rest_route=\/wp\/v2\/types\/page"}],"author":[{"embeddable":true,"href":"https:\/\/24h-race-friends.de\/index.php?rest_route=\/wp\/v2\/users\/5"}],"replies":[{"embeddable":true,"href":"https:\/\/24h-race-friends.de\/index.php?rest_route=%2Fwp%2Fv2%2Fcomments&post=487"}],"version-history":[{"count":9,"href":"https:\/\/24h-race-friends.de\/index.php?rest_route=\/wp\/v2\/pages\/487\/revisions"}],"predecessor-version":[{"id":505,"href":"https:\/\/24h-race-friends.de\/index.php?rest_route=\/wp\/v2\/pages\/487\/revisions\/505"}],"wp:attachment":[{"href":"https:\/\/24h-race-friends.de\/index.php?rest_route=%2Fwp%2Fv2%2Fmedia&parent=487"}],"curies":[{"name":"wp","href":"https:\/\/api.w.org\/{rel}","templated":true}]}}