{"id":491,"date":"2018-05-22T04:22:47","date_gmt":"2018-05-22T04:22:47","guid":{"rendered":"http:\/\/24h-race-friends.de\/?page_id=491"},"modified":"2018-05-22T19:46:47","modified_gmt":"2018-05-22T19:46:47","slug":"24h-nuerburgring-2","status":"publish","type":"page","link":"https:\/\/24h-race-friends.de\/?page_id=491","title":{"rendered":"24h N\u00fcrburgring"},"content":{"rendered":"<h3 style=\"text-align: center;\">Hardcore Tage, gr\u00fcne H\u00f6lle&#8230;<br \/>\nVollgas und Camping eine Herausforderung f\u00fcr alle.<br \/>\n&#8230; f\u00fcr alle? \u00a0 Nicht f\u00fcr uns!<\/h3>\n<p style=\"text-align: center;\">Der harte kern reist bereits mehrere Tage vor beginn an und<br \/>\nbereitet alle f\u00fcr die nach und nach ankommenden unserer Gruppe vor.<\/p>\n<p style=\"text-align: center;\">Abrenzung, Einteilung der Zeltpl\u00e4tze, Kalte Getr\u00e4nke und sogar ein Dixi Klo!<\/p>\n<p>&nbsp;<\/p>\n<p style=\"text-align: center;\">\u00a0<a href=\"\/?page_id=151\"><img loading=\"lazy\" class=\"alignnone wp-image-263\" src=\"http:\/\/24h-race-friends.de\/wp-content\/uploads\/2018\/05\/hintergrund-seite-300x189.png\" alt=\"\" width=\"254\" height=\"160\" srcset=\"https:\/\/24h-race-friends.de\/wp-content\/uploads\/2018\/05\/hintergrund-seite-300x189.png 300w, https:\/\/24h-race-friends.de\/wp-content\/uploads\/2018\/05\/hintergrund-seite-768x483.png 768w, https:\/\/24h-race-friends.de\/wp-content\/uploads\/2018\/05\/hintergrund-seite-1024x644.png 1024w\" sizes=\"(max-width: 254px) 100vw, 254px\" \/><\/a>\u00a0<a href=\"\/?page_id=153\"><img loading=\"lazy\" class=\"alignnone wp-image-282\" src=\"http:\/\/24h-race-friends.de\/wp-content\/uploads\/2018\/05\/IMG-20180511-WA0007-300x169.jpeg\" alt=\"\" width=\"284\" height=\"160\" srcset=\"https:\/\/24h-race-friends.de\/wp-content\/uploads\/2018\/05\/IMG-20180511-WA0007-300x169.jpeg 300w, https:\/\/24h-race-friends.de\/wp-content\/uploads\/2018\/05\/IMG-20180511-WA0007-768x432.jpeg 768w, https:\/\/24h-race-friends.de\/wp-content\/uploads\/2018\/05\/IMG-20180511-WA0007-1024x576.jpeg 1024w\" sizes=\"(max-width: 284px) 100vw, 284px\" \/><\/a><\/p>\n<p style=\"text-align: center;\">Bilder 2017\u00a0 \u00a0 \u00a0 \u00a0 \u00a0 \u00a0 \u00a0 \u00a0 \u00a0 \u00a0 \u00a0 \u00a0 \u00a0 \u00a0 \u00a0 \u00a0 \u00a0 \u00a0 \u00a0 \u00a0 \u00a0 \u00a0 \u00a0 \u00a0 \u00a0 Bilder 2018<\/p>\n<p>&nbsp;<\/p>\n","protected":false},"excerpt":{"rendered":"<p>Hardcore Tage, gr\u00fcne H\u00f6lle&#8230; Vollgas und Camping eine Herausforderung f\u00fcr alle. &#8230; f\u00fcr alle? \u00a0 Nicht f\u00fcr uns! Der harte kern reist bereits mehrere Tage vor beginn an und bereitet alle f\u00fcr die nach und nach ankommenden unserer Gruppe vor. Abrenzung, Einteilung der Zeltpl\u00e4tze, Kalte Getr\u00e4nke und sogar ein Dixi Klo! &nbsp; \u00a0\u00a0 Bilder 2017\u00a0 [&hellip;]<\/p>\n","protected":false},"author":5,"featured_media":0,"parent":0,"menu_order":2,"comment_status":"closed","ping_status":"closed","template":"","meta":{"_links_to":"","_links_to_target":""},"_links":{"self":[{"href":"https:\/\/24h-race-friends.de\/index.php?rest_route=\/wp\/v2\/pages\/491"}],"collection":[{"href":"https:\/\/24h-race-friends.de\/index.php?rest_route=\/wp\/v2\/pages"}],"about":[{"href":"https:\/\/24h-race-friends.de\/index.php?rest_route=\/wp\/v2\/types\/page"}],"author":[{"embeddable":true,"href":"https:\/\/24h-race-friends.de\/index.php?rest_route=\/wp\/v2\/users\/5"}],"replies":[{"embeddable":true,"href":"https:\/\/24h-race-friends.de\/index.php?rest_route=%2Fwp%2Fv2%2Fcomments&post=491"}],"version-history":[{"count":19,"href":"https:\/\/24h-race-friends.de\/index.php?rest_route=\/wp\/v2\/pages\/491\/revisions"}],"predecessor-version":[{"id":531,"href":"https:\/\/24h-race-friends.de\/index.php?rest_route=\/wp\/v2\/pages\/491\/revisions\/531"}],"wp:attachment":[{"href":"https:\/\/24h-race-friends.de\/index.php?rest_route=%2Fwp%2Fv2%2Fmedia&parent=491"}],"curies":[{"name":"wp","href":"https:\/\/api.w.org\/{rel}","templated":true}]}}